{"id":11590,"date":"2025-11-02T16:55:17","date_gmt":"2025-11-02T15:55:17","guid":{"rendered":"https:\/\/dieechturigen.at\/2016\/datenschutzerklaerung\/"},"modified":"2026-01-30T00:42:47","modified_gmt":"2026-01-29T23:42:47","slug":"datenschutzerklaerung","status":"publish","type":"page","link":"https:\/\/dieechturigen.at\/2016\/datenschutzerklaerung\/","title":{"rendered":"Datenschutzerkl\u00e4rung"},"content":{"rendered":"","protected":false},"excerpt":{"rendered":"Datenschutzerkl\u00e4rung Stand:&nbsp;November 2025 1. Allgemeine HinweiseDer Schutz Ihrer pers\u00f6nlichen Daten ist uns ein besonderes Anliegen.Wir verarbeiten Ihre Daten daher ausschlie\u00dflich auf Grundlage der gesetzlichen Bestimmungen (Datenschutz-Grundverordnung \u2013 DSGVO, Datenschutzgesetz \u2013...","protected":false},"author":12,"featured_media":0,"parent":0,"menu_order":0,"comment_status":"closed","ping_status":"closed","template":"","meta":{"saved_in_kubio":true,"footnotes":""},"class_list":["post-11590","page","type-page","status-publish","hentry"],"kubio_ai_page_context":{"short_desc":"","purpose":"general"},"_links":{"self":[{"href":"https:\/\/dieechturigen.at\/2016\/wp-json\/wp\/v2\/pages\/11590","targetHints":{"allow":["GET"]}}],"collection":[{"href":"https:\/\/dieechturigen.at\/2016\/wp-json\/wp\/v2\/pages"}],"about":[{"href":"https:\/\/dieechturigen.at\/2016\/wp-json\/wp\/v2\/types\/page"}],"author":[{"embeddable":true,"href":"https:\/\/dieechturigen.at\/2016\/wp-json\/wp\/v2\/users\/12"}],"replies":[{"embeddable":true,"href":"https:\/\/dieechturigen.at\/2016\/wp-json\/wp\/v2\/comments?post=11590"}],"version-history":[{"count":0,"href":"https:\/\/dieechturigen.at\/2016\/wp-json\/wp\/v2\/pages\/11590\/revisions"}],"wp:attachment":[{"href":"https:\/\/dieechturigen.at\/2016\/wp-json\/wp\/v2\/media?parent=11590"}],"curies":[{"name":"wp","href":"https:\/\/api.w.org\/{rel}","templated":true}]}}